{"id":54,"date":"2020-04-18T17:32:30","date_gmt":"2020-04-18T17:32:30","guid":{"rendered":"https:\/\/segurosarg.com\/?page_id=54"},"modified":"2020-04-18T17:38:02","modified_gmt":"2020-04-18T17:38:02","slug":"cuidados","status":"publish","type":"page","link":"https:\/\/segurosarg.com\/en\/cuidados\/","title":{"rendered":"cuidados"},"content":{"rendered":"<div class=\"_1yEvn\">\n<div class=\"_2wZrM _3BIio\" tabindex=\"-1\" data-hook=\"post-title\">\n<h1 class=\"_1gHzn _2M4wi blog-post-title-font blog-post-title-color blog-text-color post-title blog-hover-container-element-color _1EQZr blog-post-page-title-font\" data-hook=\"post-title\"><strong><span class=\"post-title__text blog-post-title-font blog-post-title-color\"><span class=\"blog-post-title-font blog-post-title-color\">Cuidados del veh\u00edculo durante la cuarentena<\/span><\/span><\/strong><\/h1>\n<\/div>\n<\/div>\n<div class=\"yF0IC\" data-hook=\"post-description\">\n<article class=\"blog-post-page-font\">\n<div class=\"post-content__body\">\n<div class=\"Bkj7Z _3zFq8 _2fe0R\" data-rce-version=\"6.10.5\">\n<div class=\"kcuBq YK7RC blog-post-page-font _3EDx7 uatYj\" dir=\"ltr\">\n<div class=\"kaqlz _2QFkw blog-post-page-font VqbkD\">\n<div class=\"XzvDs _208Ie tFDi5 blog-post-text-font blog-post-text-color _2QAo- _25MYV _6RI6N tFDi5\">\n<p class=\"XzvDs _208Ie tFDi5 blog-post-text-font blog-post-text-color _2QAo- _25MYV _6RI6N tFDi5\"><img decoding=\"async\" class=\"wp-image-59 aligncenter\" src=\"https:\/\/segurosarg.com\/wp-content\/uploads\/2020\/04\/bateria-300x201.jpg\" alt=\"\" width=\"198\" height=\"133\" srcset=\"https:\/\/segurosarg.com\/wp-content\/uploads\/2020\/04\/bateria-300x201.jpg 300w, https:\/\/segurosarg.com\/wp-content\/uploads\/2020\/04\/bateria-1024x688.jpg 1024w, https:\/\/segurosarg.com\/wp-content\/uploads\/2020\/04\/bateria-768x516.jpg 768w, https:\/\/segurosarg.com\/wp-content\/uploads\/2020\/04\/bateria.jpg 1093w\" sizes=\"(max-width: 198px) 100vw, 198px\" \/>Durante estos d\u00edas de cuarentena, donde el uso del auto es casi nulo, son muchas las dudas que surgen sobre el cuidado y bienestar de nuestros veh\u00edculos, como <strong>\u00bfDebo desconectar la bater\u00eda?<\/strong> \u00bfDebo encender el veh\u00edculo a diario? <strong>\u00bfQu\u00e9 pasos debo seguir para evitar da\u00f1os en el motor?<\/strong> \u00bfLas llantas se deforman?<\/p>\n<p class=\"XzvDs _208Ie tFDi5 blog-post-text-font blog-post-text-color _2QAo- _25MYV _6RI6N tFDi5\">Una de las primeras cosas que debemos hacer, es verificar la presi\u00f3n de las llantas o neum\u00e1ticos y darles el aire indicado por el fabricante si lo requieren, verificando que no se hayan deformado por estar durante largo tiempo en la misma posici\u00f3n.<\/p>\n<div class=\"XzvDs _208Ie tFDi5 blog-post-text-font blog-post-text-color _2QAo- _25MYV _6RI6N tFDi5\"><\/div>\n<p class=\"XzvDs _208Ie tFDi5 blog-post-text-font blog-post-text-color _2QAo- _25MYV _6RI6N tFDi5\">Debemos revisar los niveles de los l\u00edquidos del veh\u00edculo, como lo son el combustible, refrigerante, aceite y l\u00edquido de frenos. <strong>Durante la cuarentena<\/strong>, es una buena alternativa realizar este chequeo ya que el veh\u00edculo se ha mantenido detenido y ha bajado sus niveles a temperatura ambiente.<\/p>\n<div class=\"XzvDs _208Ie tFDi5 blog-post-text-font blog-post-text-color _2QAo- _25MYV _6RI6N tFDi5\"><\/div>\n<p class=\"XzvDs _208Ie tFDi5 blog-post-text-font blog-post-text-color _2QAo- _25MYV _6RI6N tFDi5\"><img decoding=\"async\" class=\"wp-image-57 aligncenter\" src=\"https:\/\/segurosarg.com\/wp-content\/uploads\/2020\/04\/encender-motor-300x233.jpg\" alt=\"\" width=\"241\" height=\"187\" srcset=\"https:\/\/segurosarg.com\/wp-content\/uploads\/2020\/04\/encender-motor-300x233.jpg 300w, https:\/\/segurosarg.com\/wp-content\/uploads\/2020\/04\/encender-motor.jpg 726w\" sizes=\"(max-width: 241px) 100vw, 241px\" \/>Una pieza muy importante durante la quietud del veh\u00edculo, es la bater\u00eda como fuente primaria de electricidad para el autom\u00f3vil. Es muy probable que al mantener el veh\u00edculo sin encender durante mucho tiempo y hablamos de semanas, la bater\u00eda se haya descargado, para evitar este inconveniente lo m\u00e1s recomendable es encender el veh\u00edculo por lo menos <strong>una vez a la semana durante 5 a 10 minutos<\/strong> para que su sistema el\u00e9ctrico, de combusti\u00f3n y lubricaci\u00f3n logre fluir por sus ductos f\u00e1cilmente.<\/p>\n<p><em>Es muy importante encender el veh\u00edculo en varias fases, sin forzar su inicio, pues podr\u00edamos da\u00f1ar el motor de arranque. Una vez que se ponga en marcha no debemos acelerarlo, lo dejamos en ralent\u00ed unos minutos para que todo el sistema vuelva a estar preparado para su funcionamiento normal.<\/em><\/p>\n<p><img decoding=\"async\" class=\"wp-image-58 aligncenter\" src=\"https:\/\/segurosarg.com\/wp-content\/uploads\/2020\/04\/freno-de-mnno-300x200.jpg\" alt=\"\" width=\"132\" height=\"88\" srcset=\"https:\/\/segurosarg.com\/wp-content\/uploads\/2020\/04\/freno-de-mnno-300x200.jpg 300w, https:\/\/segurosarg.com\/wp-content\/uploads\/2020\/04\/freno-de-mnno-1024x683.jpg 1024w, https:\/\/segurosarg.com\/wp-content\/uploads\/2020\/04\/freno-de-mnno-768x512.jpg 768w, https:\/\/segurosarg.com\/wp-content\/uploads\/2020\/04\/freno-de-mnno.jpg 1093w\" sizes=\"(max-width: 132px) 100vw, 132px\" \/>Otro punto importante es no dejar el auto con el freno de mano. Las pastillas de freno pueden pegarse y causar problemas cuando intente conducir de nuevo.<\/p>\n<p>&nbsp;<\/p>\n<p>Recomendamos<\/p>\n<div class=\"row pb-content-type-text\">\n<div class=\"col-xs-12 col-print-12\">\n<p class=\"element element-paragraph\">&#8211;\u00a0<mark class=\"hl_yellow\"><b>Poner en marcha el veh\u00edculo al menos una vez a la semana.<\/b><\/mark><\/p>\n<\/div>\n<\/div>\n<div class=\"row pb-content-type-text\">\n<div class=\"col-xs-12 col-print-12\">\n<p class=\"element element-paragraph\">&#8211; En los autos sin encendido electr\u00f3nico, <mark class=\"hl_yellow\"><b>calentar el motor<\/b><\/mark>\u00a0hasta que alcance la temperatura de trabajo que indica el manual del fabricante;<\/p>\n<\/div>\n<\/div>\n<div class=\"row pb-content-type-text\">\n<div class=\"col-xs-12 col-print-12\">\n<p class=\"element element-paragraph\">&#8211; Si el auto no tiene indicador de temperatura, calentarlo hasta que el electro ventilador prenda dos veces;<\/p>\n<\/div>\n<\/div>\n<div class=\"row pb-content-type-text\">\n<div class=\"col-xs-12 col-print-12\">\n<p class=\"element element-paragraph\">&#8211;\u00a0<mark class=\"hl_yellow\"><b>Evitar en el arranque el uso del sistema de ventilaci\u00f3n y aire acondicionado<\/b><\/mark>;<\/p>\n<\/div>\n<\/div>\n<div class=\"row pb-content-type-text\">\n<div class=\"col-xs-12 col-print-12\">\n<p class=\"element element-paragraph\">-Si es posible,\u00a0<mark class=\"hl_yellow\"><b>mover el veh\u00edculo en la cochera e intentar que los neum\u00e1ticos no vuelvan a quedar en la misma posici\u00f3n<\/b><\/mark>;<\/p>\n<\/div>\n<\/div>\n<div class=\"row pb-content-type-text\">\n<div class=\"col-xs-12 col-print-12\">\n<p class=\"element element-paragraph\">&#8211; No dejar el veh\u00edculo en cambio. (<mark class=\"hl_yellow\"><b>Excepto veh\u00edculos autom\u00e1ticos en posici\u00f3n P<\/b><\/mark>, seg\u00fan manual de fabricante);<\/p>\n<\/div>\n<\/div>\n<div class=\"row pb-content-type-text\">\n<div class=\"col-xs-12 col-print-12\">\n<p class=\"element element-paragraph\">&#8211;\u00a0<mark class=\"hl_yellow\"><b>Controlar que la presi\u00f3n de los neum\u00e1ticos<\/b><\/mark>\u00a0sea la indicada por el fabricante;<\/p>\n<\/div>\n<\/div>\n<div class=\"row pb-content-type-text\">\n<div class=\"col-xs-12 col-print-12\">\n<p class=\"element element-paragraph\">&#8211;<mark class=\"hl_yellow\"><b>Es ideal que el combustible no permanezca m\u00e1s de tres meses estancado;<\/b><\/mark><\/p>\n<\/div>\n<\/div>\n<div class=\"row pb-content-type-text\">\n<div class=\"col-xs-12 col-print-12\">\n<p class=\"element element-paragraph\"><b>&#8211;<\/b>Teniendo en cuenta que el veh\u00edculo puede estar detenido por un tiempo largo,\u00a0<mark class=\"hl_yellow\"><b>se recomienda desconectar la bater\u00eda para evitar que se da\u00f1e<\/b><\/mark>. Este procedimiento implica primero desconectar el borne negativo y as\u00ed evitar el almacenamiento de fallos el\u00e9ctricos. Diez minutos m\u00e1s tarde, se debe hacer lo mismo con el borne positivo.<\/p>\n<p><b>Entonces, \u00bfno se debe desconectar la bater\u00eda?<\/b> En principio no hace falta si cumples con la precauci\u00f3n de ponerlo en marcha cada 5 dias. . Adem\u00e1s que, de hacerlo, se pueden desprogramar algunas funciones del sistema de informaci\u00f3n y entretenimiento, las alarmas, las memorias de los asientos, entre otros componentes.<\/p>\n<div class=\"row pb-content-type-text\">\n<div class=\"col-xs-12 col-print-12\">\n<p><b>-Ventanas<\/b>. Si el auto queda en resguardado en un garaje o un lugar seguro y cubierto, dejar las ventanas algo abiertas. Esto ayuda a que los burletes de goma no se sequen y se peguen al vidrio en la parte superior. Adem\u00e1s, es clave para evitar posteriores olores desagradables o humedad, que siempre son dif\u00edciles de eliminar.<\/p>\n<\/div>\n<\/div>\n<div class=\"row pb-content-type-text\">\n<div class=\"col-xs-12 col-print-12\">\n<p><b>-Interior<\/b>. Un truco casero: dejar un recipiente con arroz crudo en el habit\u00e1culo. Eso ayuda a evitar la humedad y los olores que genera el encierro.<\/p>\n<p><b>-Carrocer\u00eda<\/b>. Para evitar la corrosi\u00f3n y protegerlo al m\u00e1ximo lo mejor es protegerlo con una funda, pero cuidado: es imprescindible que antes de cubrirlo est\u00e9 totalmente limpio para que no se raye la pintura.<\/p>\n<\/div>\n<\/div>\n<\/div>\n<\/div>\n<\/div>\n<\/div>\n<\/div>\n<\/div>\n<\/div>\n<\/article>\n<\/div>","protected":false},"excerpt":{"rendered":"<p>Cuidados del veh\u00edculo durante la cuarentena Durante estos d\u00edas de cuarentena, donde el uso del auto es casi nulo, son muchas las dudas que surgen sobre el cuidado y bienestar de nuestros veh\u00edculos, como \u00bfDebo desconectar la bater\u00eda? \u00bfDebo encender el veh\u00edculo a diario? \u00bfQu\u00e9 pasos debo seguir para evitar [&hellip;]<\/p>","protected":false},"author":1,"featured_media":0,"parent":0,"menu_order":0,"comment_status":"closed","ping_status":"closed","template":"","meta":{"footnotes":""},"class_list":["post-54","page","type-page","status-publish","hentry"],"yoast_head":"<!-- This site is optimized with the Yoast SEO plugin v26.9 - https:\/\/yoast.com\/product\/yoast-seo-wordpress\/ -->\n<title>cuidados | segurosarg.com<\/title>\n<meta name=\"robots\" content=\"index, follow, max-snippet:-1, max-image-preview:large, max-video-preview:-1\" \/>\n<link rel=\"canonical\" href=\"https:\/\/segurosarg.com\/en\/cuidados\/\" \/>\n<meta property=\"og:locale\" content=\"en_US\" \/>\n<meta property=\"og:type\" content=\"article\" \/>\n<meta property=\"og:title\" content=\"cuidados | segurosarg.com\" \/>\n<meta property=\"og:description\" content=\"Cuidados del veh\u00edculo durante la cuarentena Durante estos d\u00edas de cuarentena, donde el uso del auto es casi nulo, son muchas las dudas que surgen sobre el cuidado y bienestar de nuestros veh\u00edculos, como \u00bfDebo desconectar la bater\u00eda? \u00bfDebo encender el veh\u00edculo a diario? \u00bfQu\u00e9 pasos debo seguir para evitar [&hellip;]\" \/>\n<meta property=\"og:url\" content=\"https:\/\/segurosarg.com\/en\/cuidados\/\" \/>\n<meta property=\"og:site_name\" content=\"segurosarg.com\" \/>\n<meta property=\"article:modified_time\" content=\"2020-04-18T17:38:02+00:00\" \/>\n<meta property=\"og:image\" content=\"https:\/\/segurosarg.com\/wp-content\/uploads\/2020\/04\/bateria-300x201.jpg\" \/>\n<meta name=\"twitter:card\" content=\"summary_large_image\" \/>\n<meta name=\"twitter:label1\" content=\"Est. reading time\" \/>\n\t<meta name=\"twitter:data1\" content=\"4 minutes\" \/>\n<script type=\"application\/ld+json\" class=\"yoast-schema-graph\">{\"@context\":\"https:\/\/schema.org\",\"@graph\":[{\"@type\":\"WebPage\",\"@id\":\"https:\/\/segurosarg.com\/cuidados\/\",\"url\":\"https:\/\/segurosarg.com\/cuidados\/\",\"name\":\"cuidados | segurosarg.com\",\"isPartOf\":{\"@id\":\"https:\/\/segurosarg.com\/#website\"},\"primaryImageOfPage\":{\"@id\":\"https:\/\/segurosarg.com\/cuidados\/#primaryimage\"},\"image\":{\"@id\":\"https:\/\/segurosarg.com\/cuidados\/#primaryimage\"},\"thumbnailUrl\":\"https:\/\/segurosarg.com\/wp-content\/uploads\/2020\/04\/bateria-300x201.jpg\",\"datePublished\":\"2020-04-18T17:32:30+00:00\",\"dateModified\":\"2020-04-18T17:38:02+00:00\",\"breadcrumb\":{\"@id\":\"https:\/\/segurosarg.com\/cuidados\/#breadcrumb\"},\"inLanguage\":\"en-US\",\"potentialAction\":[{\"@type\":\"ReadAction\",\"target\":[\"https:\/\/segurosarg.com\/cuidados\/\"]}]},{\"@type\":\"ImageObject\",\"inLanguage\":\"en-US\",\"@id\":\"https:\/\/segurosarg.com\/cuidados\/#primaryimage\",\"url\":\"https:\/\/segurosarg.com\/wp-content\/uploads\/2020\/04\/bateria-300x201.jpg\",\"contentUrl\":\"https:\/\/segurosarg.com\/wp-content\/uploads\/2020\/04\/bateria-300x201.jpg\"},{\"@type\":\"BreadcrumbList\",\"@id\":\"https:\/\/segurosarg.com\/cuidados\/#breadcrumb\",\"itemListElement\":[{\"@type\":\"ListItem\",\"position\":1,\"name\":\"Portada\",\"item\":\"https:\/\/segurosarg.com\/\"},{\"@type\":\"ListItem\",\"position\":2,\"name\":\"cuidados\"}]},{\"@type\":\"WebSite\",\"@id\":\"https:\/\/segurosarg.com\/#website\",\"url\":\"https:\/\/segurosarg.com\/\",\"name\":\"segurosarg.com\",\"description\":\"Las mejores empresas en un solo lugar. Juan Kippes productor seguros MN 95761 SSN\",\"publisher\":{\"@id\":\"https:\/\/segurosarg.com\/#organization\"},\"potentialAction\":[{\"@type\":\"SearchAction\",\"target\":{\"@type\":\"EntryPoint\",\"urlTemplate\":\"https:\/\/segurosarg.com\/?s={search_term_string}\"},\"query-input\":{\"@type\":\"PropertyValueSpecification\",\"valueRequired\":true,\"valueName\":\"search_term_string\"}}],\"inLanguage\":\"en-US\"},{\"@type\":\"Organization\",\"@id\":\"https:\/\/segurosarg.com\/#organization\",\"name\":\"SEGUROSARG\",\"url\":\"https:\/\/segurosarg.com\/\",\"logo\":{\"@type\":\"ImageObject\",\"inLanguage\":\"en-US\",\"@id\":\"https:\/\/segurosarg.com\/#\/schema\/logo\/image\/\",\"url\":\"https:\/\/segurosarg.com\/wp-content\/uploads\/2020\/04\/JMK-1.png\",\"contentUrl\":\"https:\/\/segurosarg.com\/wp-content\/uploads\/2020\/04\/JMK-1.png\",\"width\":500,\"height\":500,\"caption\":\"SEGUROSARG\"},\"image\":{\"@id\":\"https:\/\/segurosarg.com\/#\/schema\/logo\/image\/\"}}]}<\/script>\n<!-- \/ Yoast SEO plugin. -->","yoast_head_json":{"title":"cuidados | segurosarg.com","robots":{"index":"index","follow":"follow","max-snippet":"max-snippet:-1","max-image-preview":"max-image-preview:large","max-video-preview":"max-video-preview:-1"},"canonical":"https:\/\/segurosarg.com\/en\/cuidados\/","og_locale":"en_US","og_type":"article","og_title":"cuidados | segurosarg.com","og_description":"Cuidados del veh\u00edculo durante la cuarentena Durante estos d\u00edas de cuarentena, donde el uso del auto es casi nulo, son muchas las dudas que surgen sobre el cuidado y bienestar de nuestros veh\u00edculos, como \u00bfDebo desconectar la bater\u00eda? \u00bfDebo encender el veh\u00edculo a diario? \u00bfQu\u00e9 pasos debo seguir para evitar [&hellip;]","og_url":"https:\/\/segurosarg.com\/en\/cuidados\/","og_site_name":"segurosarg.com","article_modified_time":"2020-04-18T17:38:02+00:00","og_image":[{"url":"https:\/\/segurosarg.com\/wp-content\/uploads\/2020\/04\/bateria-300x201.jpg","type":"","width":"","height":""}],"twitter_card":"summary_large_image","twitter_misc":{"Est. reading time":"4 minutes"},"schema":{"@context":"https:\/\/schema.org","@graph":[{"@type":"WebPage","@id":"https:\/\/segurosarg.com\/cuidados\/","url":"https:\/\/segurosarg.com\/cuidados\/","name":"cuidados | segurosarg.com","isPartOf":{"@id":"https:\/\/segurosarg.com\/#website"},"primaryImageOfPage":{"@id":"https:\/\/segurosarg.com\/cuidados\/#primaryimage"},"image":{"@id":"https:\/\/segurosarg.com\/cuidados\/#primaryimage"},"thumbnailUrl":"https:\/\/segurosarg.com\/wp-content\/uploads\/2020\/04\/bateria-300x201.jpg","datePublished":"2020-04-18T17:32:30+00:00","dateModified":"2020-04-18T17:38:02+00:00","breadcrumb":{"@id":"https:\/\/segurosarg.com\/cuidados\/#breadcrumb"},"inLanguage":"en-US","potentialAction":[{"@type":"ReadAction","target":["https:\/\/segurosarg.com\/cuidados\/"]}]},{"@type":"ImageObject","inLanguage":"en-US","@id":"https:\/\/segurosarg.com\/cuidados\/#primaryimage","url":"https:\/\/segurosarg.com\/wp-content\/uploads\/2020\/04\/bateria-300x201.jpg","contentUrl":"https:\/\/segurosarg.com\/wp-content\/uploads\/2020\/04\/bateria-300x201.jpg"},{"@type":"BreadcrumbList","@id":"https:\/\/segurosarg.com\/cuidados\/#breadcrumb","itemListElement":[{"@type":"ListItem","position":1,"name":"Portada","item":"https:\/\/segurosarg.com\/"},{"@type":"ListItem","position":2,"name":"cuidados"}]},{"@type":"WebSite","@id":"https:\/\/segurosarg.com\/#website","url":"https:\/\/segurosarg.com\/","name":"segurosarg.com","description":"Las mejores empresas en un solo lugar. Juan Kippes productor seguros MN 95761 SSN","publisher":{"@id":"https:\/\/segurosarg.com\/#organization"},"potentialAction":[{"@type":"SearchAction","target":{"@type":"EntryPoint","urlTemplate":"https:\/\/segurosarg.com\/?s={search_term_string}"},"query-input":{"@type":"PropertyValueSpecification","valueRequired":true,"valueName":"search_term_string"}}],"inLanguage":"en-US"},{"@type":"Organization","@id":"https:\/\/segurosarg.com\/#organization","name":"SEGUROSARG","url":"https:\/\/segurosarg.com\/","logo":{"@type":"ImageObject","inLanguage":"en-US","@id":"https:\/\/segurosarg.com\/#\/schema\/logo\/image\/","url":"https:\/\/segurosarg.com\/wp-content\/uploads\/2020\/04\/JMK-1.png","contentUrl":"https:\/\/segurosarg.com\/wp-content\/uploads\/2020\/04\/JMK-1.png","width":500,"height":500,"caption":"SEGUROSARG"},"image":{"@id":"https:\/\/segurosarg.com\/#\/schema\/logo\/image\/"}}]}},"_links":{"self":[{"href":"https:\/\/segurosarg.com\/en\/wp-json\/wp\/v2\/pages\/54","targetHints":{"allow":["GET"]}}],"collection":[{"href":"https:\/\/segurosarg.com\/en\/wp-json\/wp\/v2\/pages"}],"about":[{"href":"https:\/\/segurosarg.com\/en\/wp-json\/wp\/v2\/types\/page"}],"author":[{"embeddable":true,"href":"https:\/\/segurosarg.com\/en\/wp-json\/wp\/v2\/users\/1"}],"replies":[{"embeddable":true,"href":"https:\/\/segurosarg.com\/en\/wp-json\/wp\/v2\/comments?post=54"}],"version-history":[{"count":7,"href":"https:\/\/segurosarg.com\/en\/wp-json\/wp\/v2\/pages\/54\/revisions"}],"predecessor-version":[{"id":65,"href":"https:\/\/segurosarg.com\/en\/wp-json\/wp\/v2\/pages\/54\/revisions\/65"}],"wp:attachment":[{"href":"https:\/\/segurosarg.com\/en\/wp-json\/wp\/v2\/media?parent=54"}],"curies":[{"name":"wp","href":"https:\/\/api.w.org\/{rel}","templated":true}]}}