{"id":66,"date":"2020-04-18T19:14:12","date_gmt":"2020-04-18T19:14:12","guid":{"rendered":"https:\/\/segurosarg.com\/?page_id=66"},"modified":"2020-04-18T19:14:12","modified_gmt":"2020-04-18T19:14:12","slug":"ventajas","status":"publish","type":"page","link":"https:\/\/segurosarg.com\/en\/ventajas\/","title":{"rendered":"Ventajas"},"content":{"rendered":"<p>Las ventas de contar con el asesoramiento de un profesional son varias:<\/p>\n<p><img fetchpriority=\"high\" decoding=\"async\" class=\"alignnone size-full wp-image-69 aligncenter\" src=\"https:\/\/segurosarg.com\/wp-content\/uploads\/2020\/04\/dospersonas.jpg\" alt=\"\" width=\"300\" height=\"168\" \/><\/p>\n<ul>\n<li>El Productor Asesor de Seguros es un profesional altamente calificado, con matr\u00edcula profesional para operar otorgada por la Superintendencia de Seguros de la Naci\u00f3n, que tiene como funci\u00f3n principal asesorar sobre la mejor forma de proteger patrimonio y su futuro.<\/li>\n<li>El Productor Asesor de Seguros es una persona que act\u00faa como intermediario de varias compa\u00f1\u00edas\u00a0aseguradoras, sin estar vinculado en exclusiva a ninguna de ellas, asesorando en la contrataci\u00f3n de seguros a sus clientes.<\/li>\n<li>El Productor Asesor de Seguros tiene la obligaci\u00f3n de tomar una capacitaci\u00f3n anual para actualizar sus conocimientos y desarrollar correctamente su profesi\u00f3n.<\/li>\n<li>El Productor Asesor de Seguros es el que podr\u00e1 ofrecerle los mejores productos adecuados a sus necesidades, explic\u00e1ndole las diferentes coberturas y buscando la mejor relaci\u00f3n costo beneficio.<\/li>\n<li>El Productor Asesor de Seguros es quien conoce el desempe\u00f1o y estado financiero de las compa\u00f1\u00edas de seguros del mercado, pudiendo identificar las opciones solventes y seguras a la hora de asegurarse.<\/li>\n<li>El Productor Asesor de Seguros es quien lo puede asesorar, facilitar y hasta agilizar la gesti\u00f3n a la hora de un siniestro.<\/li>\n<li>El Productor Asesor de Seguros es quien puede responder a sus dudas e interrogantes.<\/li>\n<li>El Productor Asesor de Seguros es quien puede prestar su ayuda y consejo en el manejo de reclamos y consultas.<\/li>\n<li>El Productor Asesor de Seguros es quien tiene un conocimiento suficiente de la Ley para lograr que el contrato de seguro se confeccione en debida forma.<\/li>\n<li>El Productor Asesor de Seguros le podr\u00e1 brindar atenci\u00f3n personalizada, conociendo m\u00e1s sobre su persona y riesgos posibles a asegurar.<\/li>\n<li>El Productor Asesor de Seguros el Productor Asesor de Seguros podr\u00e1 evaluar a que riesgos est\u00e1 expuesto y elaborar una propuesta para cubrirlos adecuadamente. Ello, tanto en la actividad industrial, comercial, etc., como en la vida diaria.<\/li>\n<li>El Productor Asesor de Seguros, es un especialista en seguros. Su valor m\u00e1s importante es el asesoramiento, porque le brinda al cliente la posibilidad de elegir el seguro estando informado.<\/li>\n<li>El Productor Asesor de Seguros brinda confianza.<\/li>\n<li>El Productor Asesor de Seguros es el \u00fanico canal profesional de asesoramiento y comercializaci\u00f3n.<\/li>\n<li>Con un Productor Asesor de Seguros, es m\u00e1s seguros<\/li>\n<\/ul>\n<p><img decoding=\"async\" class=\"size-medium wp-image-68 aligncenter\" src=\"https:\/\/segurosarg.com\/wp-content\/uploads\/2020\/04\/ssn-300x135.png\" alt=\"\" width=\"300\" height=\"135\" srcset=\"https:\/\/segurosarg.com\/wp-content\/uploads\/2020\/04\/ssn-300x135.png 300w, https:\/\/segurosarg.com\/wp-content\/uploads\/2020\/04\/ssn.png 335w\" sizes=\"(max-width: 300px) 100vw, 300px\" \/><\/p>","protected":false},"excerpt":{"rendered":"<p>Las ventas de contar con el asesoramiento de un profesional son varias: El Productor Asesor de Seguros es un profesional altamente calificado, con matr\u00edcula profesional para operar otorgada por la Superintendencia de Seguros de la Naci\u00f3n, que tiene como funci\u00f3n principal asesorar sobre la mejor forma de proteger patrimonio y [&hellip;]<\/p>","protected":false},"author":1,"featured_media":0,"parent":0,"menu_order":0,"comment_status":"closed","ping_status":"closed","template":"","meta":{"footnotes":""},"class_list":["post-66","page","type-page","status-publish","hentry"],"yoast_head":"<!-- This site is optimized with the Yoast SEO plugin v26.9 - https:\/\/yoast.com\/product\/yoast-seo-wordpress\/ -->\n<title>Ventajas | segurosarg.com<\/title>\n<meta name=\"robots\" content=\"index, follow, max-snippet:-1, max-image-preview:large, max-video-preview:-1\" \/>\n<link rel=\"canonical\" href=\"https:\/\/segurosarg.com\/en\/ventajas\/\" \/>\n<meta property=\"og:locale\" content=\"en_US\" \/>\n<meta property=\"og:type\" content=\"article\" \/>\n<meta property=\"og:title\" content=\"Ventajas | segurosarg.com\" \/>\n<meta property=\"og:description\" content=\"Las ventas de contar con el asesoramiento de un profesional son varias: El Productor Asesor de Seguros es un profesional altamente calificado, con matr\u00edcula profesional para operar otorgada por la Superintendencia de Seguros de la Naci\u00f3n, que tiene como funci\u00f3n principal asesorar sobre la mejor forma de proteger patrimonio y [&hellip;]\" \/>\n<meta property=\"og:url\" content=\"https:\/\/segurosarg.com\/en\/ventajas\/\" \/>\n<meta property=\"og:site_name\" content=\"segurosarg.com\" \/>\n<meta property=\"og:image\" content=\"https:\/\/segurosarg.com\/wp-content\/uploads\/2020\/04\/dospersonas.jpg\" \/>\n<meta name=\"twitter:card\" content=\"summary_large_image\" \/>\n<meta name=\"twitter:label1\" content=\"Est. reading time\" \/>\n\t<meta name=\"twitter:data1\" content=\"2 minutes\" \/>\n<script type=\"application\/ld+json\" class=\"yoast-schema-graph\">{\"@context\":\"https:\/\/schema.org\",\"@graph\":[{\"@type\":\"WebPage\",\"@id\":\"https:\/\/segurosarg.com\/ventajas\/\",\"url\":\"https:\/\/segurosarg.com\/ventajas\/\",\"name\":\"Ventajas | segurosarg.com\",\"isPartOf\":{\"@id\":\"https:\/\/segurosarg.com\/#website\"},\"primaryImageOfPage\":{\"@id\":\"https:\/\/segurosarg.com\/ventajas\/#primaryimage\"},\"image\":{\"@id\":\"https:\/\/segurosarg.com\/ventajas\/#primaryimage\"},\"thumbnailUrl\":\"https:\/\/segurosarg.com\/wp-content\/uploads\/2020\/04\/dospersonas.jpg\",\"datePublished\":\"2020-04-18T19:14:12+00:00\",\"breadcrumb\":{\"@id\":\"https:\/\/segurosarg.com\/ventajas\/#breadcrumb\"},\"inLanguage\":\"en-US\",\"potentialAction\":[{\"@type\":\"ReadAction\",\"target\":[\"https:\/\/segurosarg.com\/ventajas\/\"]}]},{\"@type\":\"ImageObject\",\"inLanguage\":\"en-US\",\"@id\":\"https:\/\/segurosarg.com\/ventajas\/#primaryimage\",\"url\":\"https:\/\/segurosarg.com\/wp-content\/uploads\/2020\/04\/dospersonas.jpg\",\"contentUrl\":\"https:\/\/segurosarg.com\/wp-content\/uploads\/2020\/04\/dospersonas.jpg\"},{\"@type\":\"BreadcrumbList\",\"@id\":\"https:\/\/segurosarg.com\/ventajas\/#breadcrumb\",\"itemListElement\":[{\"@type\":\"ListItem\",\"position\":1,\"name\":\"Portada\",\"item\":\"https:\/\/segurosarg.com\/\"},{\"@type\":\"ListItem\",\"position\":2,\"name\":\"Ventajas\"}]},{\"@type\":\"WebSite\",\"@id\":\"https:\/\/segurosarg.com\/#website\",\"url\":\"https:\/\/segurosarg.com\/\",\"name\":\"segurosarg.com\",\"description\":\"Las mejores empresas en un solo lugar. Juan Kippes productor seguros MN 95761 SSN\",\"publisher\":{\"@id\":\"https:\/\/segurosarg.com\/#organization\"},\"potentialAction\":[{\"@type\":\"SearchAction\",\"target\":{\"@type\":\"EntryPoint\",\"urlTemplate\":\"https:\/\/segurosarg.com\/?s={search_term_string}\"},\"query-input\":{\"@type\":\"PropertyValueSpecification\",\"valueRequired\":true,\"valueName\":\"search_term_string\"}}],\"inLanguage\":\"en-US\"},{\"@type\":\"Organization\",\"@id\":\"https:\/\/segurosarg.com\/#organization\",\"name\":\"SEGUROSARG\",\"url\":\"https:\/\/segurosarg.com\/\",\"logo\":{\"@type\":\"ImageObject\",\"inLanguage\":\"en-US\",\"@id\":\"https:\/\/segurosarg.com\/#\/schema\/logo\/image\/\",\"url\":\"https:\/\/segurosarg.com\/wp-content\/uploads\/2020\/04\/JMK-1.png\",\"contentUrl\":\"https:\/\/segurosarg.com\/wp-content\/uploads\/2020\/04\/JMK-1.png\",\"width\":500,\"height\":500,\"caption\":\"SEGUROSARG\"},\"image\":{\"@id\":\"https:\/\/segurosarg.com\/#\/schema\/logo\/image\/\"}}]}<\/script>\n<!-- \/ Yoast SEO plugin. -->","yoast_head_json":{"title":"Ventajas | segurosarg.com","robots":{"index":"index","follow":"follow","max-snippet":"max-snippet:-1","max-image-preview":"max-image-preview:large","max-video-preview":"max-video-preview:-1"},"canonical":"https:\/\/segurosarg.com\/en\/ventajas\/","og_locale":"en_US","og_type":"article","og_title":"Ventajas | segurosarg.com","og_description":"Las ventas de contar con el asesoramiento de un profesional son varias: El Productor Asesor de Seguros es un profesional altamente calificado, con matr\u00edcula profesional para operar otorgada por la Superintendencia de Seguros de la Naci\u00f3n, que tiene como funci\u00f3n principal asesorar sobre la mejor forma de proteger patrimonio y [&hellip;]","og_url":"https:\/\/segurosarg.com\/en\/ventajas\/","og_site_name":"segurosarg.com","og_image":[{"url":"https:\/\/segurosarg.com\/wp-content\/uploads\/2020\/04\/dospersonas.jpg","type":"","width":"","height":""}],"twitter_card":"summary_large_image","twitter_misc":{"Est. reading time":"2 minutes"},"schema":{"@context":"https:\/\/schema.org","@graph":[{"@type":"WebPage","@id":"https:\/\/segurosarg.com\/ventajas\/","url":"https:\/\/segurosarg.com\/ventajas\/","name":"Ventajas | segurosarg.com","isPartOf":{"@id":"https:\/\/segurosarg.com\/#website"},"primaryImageOfPage":{"@id":"https:\/\/segurosarg.com\/ventajas\/#primaryimage"},"image":{"@id":"https:\/\/segurosarg.com\/ventajas\/#primaryimage"},"thumbnailUrl":"https:\/\/segurosarg.com\/wp-content\/uploads\/2020\/04\/dospersonas.jpg","datePublished":"2020-04-18T19:14:12+00:00","breadcrumb":{"@id":"https:\/\/segurosarg.com\/ventajas\/#breadcrumb"},"inLanguage":"en-US","potentialAction":[{"@type":"ReadAction","target":["https:\/\/segurosarg.com\/ventajas\/"]}]},{"@type":"ImageObject","inLanguage":"en-US","@id":"https:\/\/segurosarg.com\/ventajas\/#primaryimage","url":"https:\/\/segurosarg.com\/wp-content\/uploads\/2020\/04\/dospersonas.jpg","contentUrl":"https:\/\/segurosarg.com\/wp-content\/uploads\/2020\/04\/dospersonas.jpg"},{"@type":"BreadcrumbList","@id":"https:\/\/segurosarg.com\/ventajas\/#breadcrumb","itemListElement":[{"@type":"ListItem","position":1,"name":"Portada","item":"https:\/\/segurosarg.com\/"},{"@type":"ListItem","position":2,"name":"Ventajas"}]},{"@type":"WebSite","@id":"https:\/\/segurosarg.com\/#website","url":"https:\/\/segurosarg.com\/","name":"segurosarg.com","description":"Las mejores empresas en un solo lugar. Juan Kippes productor seguros MN 95761 SSN","publisher":{"@id":"https:\/\/segurosarg.com\/#organization"},"potentialAction":[{"@type":"SearchAction","target":{"@type":"EntryPoint","urlTemplate":"https:\/\/segurosarg.com\/?s={search_term_string}"},"query-input":{"@type":"PropertyValueSpecification","valueRequired":true,"valueName":"search_term_string"}}],"inLanguage":"en-US"},{"@type":"Organization","@id":"https:\/\/segurosarg.com\/#organization","name":"SEGUROSARG","url":"https:\/\/segurosarg.com\/","logo":{"@type":"ImageObject","inLanguage":"en-US","@id":"https:\/\/segurosarg.com\/#\/schema\/logo\/image\/","url":"https:\/\/segurosarg.com\/wp-content\/uploads\/2020\/04\/JMK-1.png","contentUrl":"https:\/\/segurosarg.com\/wp-content\/uploads\/2020\/04\/JMK-1.png","width":500,"height":500,"caption":"SEGUROSARG"},"image":{"@id":"https:\/\/segurosarg.com\/#\/schema\/logo\/image\/"}}]}},"_links":{"self":[{"href":"https:\/\/segurosarg.com\/en\/wp-json\/wp\/v2\/pages\/66","targetHints":{"allow":["GET"]}}],"collection":[{"href":"https:\/\/segurosarg.com\/en\/wp-json\/wp\/v2\/pages"}],"about":[{"href":"https:\/\/segurosarg.com\/en\/wp-json\/wp\/v2\/types\/page"}],"author":[{"embeddable":true,"href":"https:\/\/segurosarg.com\/en\/wp-json\/wp\/v2\/users\/1"}],"replies":[{"embeddable":true,"href":"https:\/\/segurosarg.com\/en\/wp-json\/wp\/v2\/comments?post=66"}],"version-history":[{"count":2,"href":"https:\/\/segurosarg.com\/en\/wp-json\/wp\/v2\/pages\/66\/revisions"}],"predecessor-version":[{"id":70,"href":"https:\/\/segurosarg.com\/en\/wp-json\/wp\/v2\/pages\/66\/revisions\/70"}],"wp:attachment":[{"href":"https:\/\/segurosarg.com\/en\/wp-json\/wp\/v2\/media?parent=66"}],"curies":[{"name":"wp","href":"https:\/\/api.w.org\/{rel}","templated":true}]}}