{"id":75,"date":"2020-04-21T18:27:04","date_gmt":"2020-04-21T18:27:04","guid":{"rendered":"https:\/\/segurosarg.com\/?page_id=75"},"modified":"2020-04-21T19:01:39","modified_gmt":"2020-04-21T19:01:39","slug":"inicio","status":"publish","type":"page","link":"https:\/\/segurosarg.com\/en\/inicio\/","title":{"rendered":"inicio"},"content":{"rendered":"<h1 class=\"entry-title\">Bienvenidos a segurosarg.com<\/h1>\n<p>Atenci\u00f3n profesional y personalizada<\/p>\n<p>Contratar tus seguros \u00fanicamente\u00a0en aseguradoras de primera linea.<\/p>\n<p>Todas las coberturas del mercado<\/p>\n<p>Los mejores precio del mercado<\/p>\n<p><span style=\"color: #0000ff;\">Estar siempre cerca tuyo, acompa\u00f1\u00e1ndote para que puedas disfrutar de la tranquilidad y protecci\u00f3n que mereces<\/span><\/p>\n<p><img decoding=\"async\" class=\"wp-image-6 alignleft\" src=\"https:\/\/segurosarg.com\/wp-content\/uploads\/2020\/04\/smglifelogo-300x225.jpg\" alt=\"\" width=\"125\" height=\"93\" srcset=\"https:\/\/segurosarg.com\/wp-content\/uploads\/2020\/04\/smglifelogo-300x225.jpg 300w, https:\/\/segurosarg.com\/wp-content\/uploads\/2020\/04\/smglifelogo-768x576.jpg 768w, https:\/\/segurosarg.com\/wp-content\/uploads\/2020\/04\/smglifelogo.jpg 800w\" sizes=\"(max-width: 125px) 100vw, 125px\" \/> <img decoding=\"async\" class=\"wp-image-21 alignnone\" style=\"color: #0000ff;\" src=\"https:\/\/segurosarg.com\/wp-content\/uploads\/2020\/04\/prevencion-art-logo-300x143.jpg\" alt=\"\" width=\"160\" height=\"76\" srcset=\"https:\/\/segurosarg.com\/wp-content\/uploads\/2020\/04\/prevencion-art-logo-300x143.jpg 300w, https:\/\/segurosarg.com\/wp-content\/uploads\/2020\/04\/prevencion-art-logo.jpg 326w\" sizes=\"(max-width: 160px) 100vw, 160px\" \/><img decoding=\"async\" class=\"alignnone wp-image-24\" src=\"https:\/\/segurosarg.com\/wp-content\/uploads\/2020\/04\/merc-andina-logo.png\" alt=\"\" width=\"124\" height=\"93\" \/><img loading=\"lazy\" decoding=\"async\" class=\"alignnone wp-image-23\" src=\"https:\/\/segurosarg.com\/wp-content\/uploads\/2020\/04\/sancor-seguros-logo.jpg\" alt=\"\" width=\"97\" height=\"76\" \/><img loading=\"lazy\" decoding=\"async\" class=\"wp-image-22 alignnone\" src=\"https:\/\/segurosarg.com\/wp-content\/uploads\/2020\/04\/sura-logo.png\" alt=\"\" width=\"137\" height=\"84\" \/><img loading=\"lazy\" decoding=\"async\" class=\"wp-image-8 alignnone\" src=\"https:\/\/segurosarg.com\/wp-content\/uploads\/2020\/04\/riouruguayseguroslogo.png\" alt=\"\" width=\"120\" height=\"120\" srcset=\"https:\/\/segurosarg.com\/wp-content\/uploads\/2020\/04\/riouruguayseguroslogo.png 225w, https:\/\/segurosarg.com\/wp-content\/uploads\/2020\/04\/riouruguayseguroslogo-150x150.png 150w\" sizes=\"(max-width: 120px) 100vw, 120px\" \/> <img loading=\"lazy\" decoding=\"async\" class=\"wp-image-9 alignnone\" src=\"https:\/\/segurosarg.com\/wp-content\/uploads\/2020\/04\/libraseguroslogo.png\" alt=\"\" width=\"110\" height=\"110\" srcset=\"https:\/\/segurosarg.com\/wp-content\/uploads\/2020\/04\/libraseguroslogo.png 225w, https:\/\/segurosarg.com\/wp-content\/uploads\/2020\/04\/libraseguroslogo-150x150.png 150w\" sizes=\"(max-width: 110px) 100vw, 110px\" \/><\/p>\n<p><strong>Consultas:<\/strong><\/p>\n\n<div class=\"wpcf7 no-js\" id=\"wpcf7-f36-o1\" lang=\"es-ES\" dir=\"ltr\" data-wpcf7-id=\"36\">\n<div class=\"screen-reader-response\"><p role=\"status\" aria-live=\"polite\" aria-atomic=\"true\"><\/p> <ul><\/ul><\/div>\n<form action=\"\/en\/wp-json\/wp\/v2\/pages\/75#wpcf7-f36-o1\" method=\"post\" class=\"wpcf7-form init\" aria-label=\"Formulario de contacto\" novalidate=\"novalidate\" data-status=\"init\" data-trp-original-action=\"\/en\/wp-json\/wp\/v2\/pages\/75#wpcf7-f36-o1\">\n<fieldset class=\"hidden-fields-container\"><input type=\"hidden\" name=\"_wpcf7\" value=\"36\" \/><input type=\"hidden\" name=\"_wpcf7_version\" value=\"6.1.5\" \/><input type=\"hidden\" name=\"_wpcf7_locale\" value=\"es_ES\" \/><input type=\"hidden\" name=\"_wpcf7_unit_tag\" value=\"wpcf7-f36-o1\" \/><input type=\"hidden\" name=\"_wpcf7_container_post\" value=\"0\" \/><input type=\"hidden\" name=\"_wpcf7_posted_data_hash\" value=\"\" \/><input type=\"hidden\" name=\"_wpcf7_recaptcha_response\" value=\"\" \/>\n<\/fieldset>\n<p><label> Tu nombre (obligatorio)<br \/>\n<span class=\"wpcf7-form-control-wrap\" data-name=\"your-name\"><input size=\"40\" maxlength=\"400\" class=\"wpcf7-form-control wpcf7-text wpcf7-validates-as-required\" aria-required=\"true\" aria-invalid=\"false\" value=\"\" type=\"text\" name=\"your-name\" \/><\/span> <\/label>\n<\/p>\n<p><label> Tu correo electr\u00f3nico (obligatorio)<br \/>\n<span class=\"wpcf7-form-control-wrap\" data-name=\"your-email\"><input size=\"40\" maxlength=\"400\" class=\"wpcf7-form-control wpcf7-email wpcf7-validates-as-required wpcf7-text wpcf7-validates-as-email\" aria-required=\"true\" aria-invalid=\"false\" value=\"\" type=\"email\" name=\"your-email\" \/><\/span> <\/label>\n<\/p>\n<p><label> Asunto<br \/>\n<span class=\"wpcf7-form-control-wrap\" data-name=\"your-subject\"><input size=\"40\" maxlength=\"400\" class=\"wpcf7-form-control wpcf7-text\" aria-invalid=\"false\" value=\"\" type=\"text\" name=\"your-subject\" \/><\/span> <\/label>\n<\/p>\n<p><label> Tu mensaje<br \/>\n<span class=\"wpcf7-form-control-wrap\" data-name=\"your-message\"><textarea cols=\"40\" rows=\"10\" maxlength=\"2000\" class=\"wpcf7-form-control wpcf7-textarea\" aria-invalid=\"false\" name=\"your-message\"><\/textarea><\/span> <\/label><br \/>\n Telefono<br \/>\n<span class=\"wpcf7-form-control-wrap\" data-name=\"tel-840\"><input size=\"40\" maxlength=\"400\" class=\"wpcf7-form-control wpcf7-tel wpcf7-validates-as-required wpcf7-text wpcf7-validates-as-tel\" aria-required=\"true\" aria-invalid=\"false\" value=\"\" type=\"tel\" name=\"tel-840\" \/><\/span>\n<\/p>\n<p><input class=\"wpcf7-form-control wpcf7-submit has-spinner\" type=\"submit\" value=\"Enviar\" \/>\n<\/p><div class=\"wpcf7-response-output\" aria-hidden=\"true\"><\/div>\n<input type=\"hidden\" name=\"trp-form-language\" value=\"en\"\/><\/form>\n<\/div>","protected":false},"excerpt":{"rendered":"<p>Bienvenidos a segurosarg.com Atenci\u00f3n profesional y personalizada Contratar tus seguros \u00fanicamente\u00a0en aseguradoras de primera linea. Todas las coberturas del mercado Los mejores precio del mercado Estar siempre cerca tuyo, acompa\u00f1\u00e1ndote para que puedas disfrutar de la tranquilidad y protecci\u00f3n que mereces Consultas:<\/p>","protected":false},"author":1,"featured_media":0,"parent":0,"menu_order":0,"comment_status":"closed","ping_status":"closed","template":"","meta":{"footnotes":""},"class_list":["post-75","page","type-page","status-publish","hentry"],"yoast_head":"<!-- This site is optimized with the Yoast SEO plugin v26.9 - https:\/\/yoast.com\/product\/yoast-seo-wordpress\/ -->\n<title>inicio | segurosarg.com<\/title>\n<meta name=\"robots\" content=\"index, follow, max-snippet:-1, max-image-preview:large, max-video-preview:-1\" \/>\n<link rel=\"canonical\" href=\"https:\/\/segurosarg.com\/en\/inicio\/\" \/>\n<meta property=\"og:locale\" content=\"en_US\" \/>\n<meta property=\"og:type\" content=\"article\" \/>\n<meta property=\"og:title\" content=\"inicio | segurosarg.com\" \/>\n<meta property=\"og:description\" content=\"Bienvenidos a segurosarg.com Atenci\u00f3n profesional y personalizada Contratar tus seguros \u00fanicamente\u00a0en aseguradoras de primera linea. Todas las coberturas del mercado Los mejores precio del mercado Estar siempre cerca tuyo, acompa\u00f1\u00e1ndote para que puedas disfrutar de la tranquilidad y protecci\u00f3n que mereces Consultas:\" \/>\n<meta property=\"og:url\" content=\"https:\/\/segurosarg.com\/en\/inicio\/\" \/>\n<meta property=\"og:site_name\" content=\"segurosarg.com\" \/>\n<meta property=\"article:modified_time\" content=\"2020-04-21T19:01:39+00:00\" \/>\n<meta property=\"og:image\" content=\"https:\/\/segurosarg.com\/wp-content\/uploads\/2020\/04\/smglifelogo-300x225.jpg\" \/>\n<meta name=\"twitter:card\" content=\"summary_large_image\" \/>\n<script type=\"application\/ld+json\" class=\"yoast-schema-graph\">{\"@context\":\"https:\/\/schema.org\",\"@graph\":[{\"@type\":\"WebPage\",\"@id\":\"https:\/\/segurosarg.com\/en\/inicio\/\",\"url\":\"https:\/\/segurosarg.com\/en\/inicio\/\",\"name\":\"inicio | segurosarg.com\",\"isPartOf\":{\"@id\":\"https:\/\/segurosarg.com\/#website\"},\"primaryImageOfPage\":{\"@id\":\"https:\/\/segurosarg.com\/en\/inicio\/#primaryimage\"},\"image\":{\"@id\":\"https:\/\/segurosarg.com\/en\/inicio\/#primaryimage\"},\"thumbnailUrl\":\"https:\/\/segurosarg.com\/wp-content\/uploads\/2020\/04\/smglifelogo-300x225.jpg\",\"datePublished\":\"2020-04-21T18:27:04+00:00\",\"dateModified\":\"2020-04-21T19:01:39+00:00\",\"breadcrumb\":{\"@id\":\"https:\/\/segurosarg.com\/en\/inicio\/#breadcrumb\"},\"inLanguage\":\"en-US\",\"potentialAction\":[{\"@type\":\"ReadAction\",\"target\":[\"https:\/\/segurosarg.com\/en\/inicio\/\"]}]},{\"@type\":\"ImageObject\",\"inLanguage\":\"en-US\",\"@id\":\"https:\/\/segurosarg.com\/en\/inicio\/#primaryimage\",\"url\":\"https:\/\/segurosarg.com\/wp-content\/uploads\/2020\/04\/smglifelogo-300x225.jpg\",\"contentUrl\":\"https:\/\/segurosarg.com\/wp-content\/uploads\/2020\/04\/smglifelogo-300x225.jpg\"},{\"@type\":\"BreadcrumbList\",\"@id\":\"https:\/\/segurosarg.com\/en\/inicio\/#breadcrumb\",\"itemListElement\":[{\"@type\":\"ListItem\",\"position\":1,\"name\":\"Portada\",\"item\":\"https:\/\/segurosarg.com\/\"},{\"@type\":\"ListItem\",\"position\":2,\"name\":\"inicio\"}]},{\"@type\":\"WebSite\",\"@id\":\"https:\/\/segurosarg.com\/#website\",\"url\":\"https:\/\/segurosarg.com\/\",\"name\":\"segurosarg.com\",\"description\":\"Las mejores empresas en un solo lugar. Juan Kippes productor seguros MN 95761 SSN\",\"publisher\":{\"@id\":\"https:\/\/segurosarg.com\/#organization\"},\"potentialAction\":[{\"@type\":\"SearchAction\",\"target\":{\"@type\":\"EntryPoint\",\"urlTemplate\":\"https:\/\/segurosarg.com\/?s={search_term_string}\"},\"query-input\":{\"@type\":\"PropertyValueSpecification\",\"valueRequired\":true,\"valueName\":\"search_term_string\"}}],\"inLanguage\":\"en-US\"},{\"@type\":\"Organization\",\"@id\":\"https:\/\/segurosarg.com\/#organization\",\"name\":\"SEGUROSARG\",\"url\":\"https:\/\/segurosarg.com\/\",\"logo\":{\"@type\":\"ImageObject\",\"inLanguage\":\"en-US\",\"@id\":\"https:\/\/segurosarg.com\/#\/schema\/logo\/image\/\",\"url\":\"https:\/\/segurosarg.com\/wp-content\/uploads\/2020\/04\/JMK-1.png\",\"contentUrl\":\"https:\/\/segurosarg.com\/wp-content\/uploads\/2020\/04\/JMK-1.png\",\"width\":500,\"height\":500,\"caption\":\"SEGUROSARG\"},\"image\":{\"@id\":\"https:\/\/segurosarg.com\/#\/schema\/logo\/image\/\"}}]}<\/script>\n<!-- \/ Yoast SEO plugin. -->","yoast_head_json":{"title":"inicio | segurosarg.com","robots":{"index":"index","follow":"follow","max-snippet":"max-snippet:-1","max-image-preview":"max-image-preview:large","max-video-preview":"max-video-preview:-1"},"canonical":"https:\/\/segurosarg.com\/en\/inicio\/","og_locale":"en_US","og_type":"article","og_title":"inicio | segurosarg.com","og_description":"Bienvenidos a segurosarg.com Atenci\u00f3n profesional y personalizada Contratar tus seguros \u00fanicamente\u00a0en aseguradoras de primera linea. Todas las coberturas del mercado Los mejores precio del mercado Estar siempre cerca tuyo, acompa\u00f1\u00e1ndote para que puedas disfrutar de la tranquilidad y protecci\u00f3n que mereces Consultas:","og_url":"https:\/\/segurosarg.com\/en\/inicio\/","og_site_name":"segurosarg.com","article_modified_time":"2020-04-21T19:01:39+00:00","og_image":[{"url":"https:\/\/segurosarg.com\/wp-content\/uploads\/2020\/04\/smglifelogo-300x225.jpg","type":"","width":"","height":""}],"twitter_card":"summary_large_image","schema":{"@context":"https:\/\/schema.org","@graph":[{"@type":"WebPage","@id":"https:\/\/segurosarg.com\/en\/inicio\/","url":"https:\/\/segurosarg.com\/en\/inicio\/","name":"inicio | segurosarg.com","isPartOf":{"@id":"https:\/\/segurosarg.com\/#website"},"primaryImageOfPage":{"@id":"https:\/\/segurosarg.com\/en\/inicio\/#primaryimage"},"image":{"@id":"https:\/\/segurosarg.com\/en\/inicio\/#primaryimage"},"thumbnailUrl":"https:\/\/segurosarg.com\/wp-content\/uploads\/2020\/04\/smglifelogo-300x225.jpg","datePublished":"2020-04-21T18:27:04+00:00","dateModified":"2020-04-21T19:01:39+00:00","breadcrumb":{"@id":"https:\/\/segurosarg.com\/en\/inicio\/#breadcrumb"},"inLanguage":"en-US","potentialAction":[{"@type":"ReadAction","target":["https:\/\/segurosarg.com\/en\/inicio\/"]}]},{"@type":"ImageObject","inLanguage":"en-US","@id":"https:\/\/segurosarg.com\/en\/inicio\/#primaryimage","url":"https:\/\/segurosarg.com\/wp-content\/uploads\/2020\/04\/smglifelogo-300x225.jpg","contentUrl":"https:\/\/segurosarg.com\/wp-content\/uploads\/2020\/04\/smglifelogo-300x225.jpg"},{"@type":"BreadcrumbList","@id":"https:\/\/segurosarg.com\/en\/inicio\/#breadcrumb","itemListElement":[{"@type":"ListItem","position":1,"name":"Portada","item":"https:\/\/segurosarg.com\/"},{"@type":"ListItem","position":2,"name":"inicio"}]},{"@type":"WebSite","@id":"https:\/\/segurosarg.com\/#website","url":"https:\/\/segurosarg.com\/","name":"segurosarg.com","description":"Las mejores empresas en un solo lugar. Juan Kippes productor seguros MN 95761 SSN","publisher":{"@id":"https:\/\/segurosarg.com\/#organization"},"potentialAction":[{"@type":"SearchAction","target":{"@type":"EntryPoint","urlTemplate":"https:\/\/segurosarg.com\/?s={search_term_string}"},"query-input":{"@type":"PropertyValueSpecification","valueRequired":true,"valueName":"search_term_string"}}],"inLanguage":"en-US"},{"@type":"Organization","@id":"https:\/\/segurosarg.com\/#organization","name":"SEGUROSARG","url":"https:\/\/segurosarg.com\/","logo":{"@type":"ImageObject","inLanguage":"en-US","@id":"https:\/\/segurosarg.com\/#\/schema\/logo\/image\/","url":"https:\/\/segurosarg.com\/wp-content\/uploads\/2020\/04\/JMK-1.png","contentUrl":"https:\/\/segurosarg.com\/wp-content\/uploads\/2020\/04\/JMK-1.png","width":500,"height":500,"caption":"SEGUROSARG"},"image":{"@id":"https:\/\/segurosarg.com\/#\/schema\/logo\/image\/"}}]}},"_links":{"self":[{"href":"https:\/\/segurosarg.com\/en\/wp-json\/wp\/v2\/pages\/75","targetHints":{"allow":["GET"]}}],"collection":[{"href":"https:\/\/segurosarg.com\/en\/wp-json\/wp\/v2\/pages"}],"about":[{"href":"https:\/\/segurosarg.com\/en\/wp-json\/wp\/v2\/types\/page"}],"author":[{"embeddable":true,"href":"https:\/\/segurosarg.com\/en\/wp-json\/wp\/v2\/users\/1"}],"replies":[{"embeddable":true,"href":"https:\/\/segurosarg.com\/en\/wp-json\/wp\/v2\/comments?post=75"}],"version-history":[{"count":2,"href":"https:\/\/segurosarg.com\/en\/wp-json\/wp\/v2\/pages\/75\/revisions"}],"predecessor-version":[{"id":81,"href":"https:\/\/segurosarg.com\/en\/wp-json\/wp\/v2\/pages\/75\/revisions\/81"}],"wp:attachment":[{"href":"https:\/\/segurosarg.com\/en\/wp-json\/wp\/v2\/media?parent=75"}],"curies":[{"name":"wp","href":"https:\/\/api.w.org\/{rel}","templated":true}]}}